{"id":130,"date":"2020-06-15T10:20:43","date_gmt":"2020-06-15T10:20:43","guid":{"rendered":"http:\/\/fewo-uferstrasse.de\/?page_id=130"},"modified":"2020-06-15T10:20:44","modified_gmt":"2020-06-15T10:20:44","slug":"impressum","status":"publish","type":"page","link":"https:\/\/fewo-uferstrasse.de\/?page_id=130","title":{"rendered":"Impressum"},"content":{"rendered":"\n<p><strong>Angaben gem\u00e4\u00df \u00a7 5 TMG<\/strong><\/p>\n\n\n\n<p>Michaela und Johann Willingh\u00f6fer<br>Buschweg 17a<\/p>\n\n\n\n<p>33415 Verl<\/p>\n\n\n\n<p class=\"has-text-color has-very-dark-gray-color\"><strong>Kontakt<br>Telefon +<\/strong>49 170 2108334<br><strong>e-Mail: info@fewo-uferstrasse.de<\/strong><\/p>\n\n\n\n<p><strong>Haftungsausschluss<\/strong><br>Haftung f\u00fcr Inhalte die Inhalte dieser Seiten wurden mit gr\u00f6\u00dfter Sorgfalt erstellt. F\u00fcr die Richtigkeit, Vollst\u00e4ndigkeit und Aktualit\u00e4t der Inhalte k\u00f6nnen wir jedoch keine Gew\u00e4hr \u00fcbernehmen. Als Dienstanbieter sind wir gem\u00e4\u00df \u00a7 7 Abs.1 TMG f\u00fcr eigene Inhalte auf diesen Seiten nach den allgemeinen Gesetzen verantwortlich. Nach \u00a7\u00a7 8 bis 10 TMG sind wir als Dienstanbieter jedoch nicht verpflichtet, \u00fcbermittelte oder gespeicherte fremde Informationen zu \u00fcberwachen oder nach Umst\u00e4nden zu forschen, die auf eine rechtswidrige T\u00e4tigkeit hinweisen. Verpflichtungen zur Entfernung oder Sperrung der Nutzung von Informationen nach den allgemeinen Gesetzen bleiben hiervon unber\u00fchrt. Eine diesbez\u00fcgliche Haftung ist jedoch erst ab dem Zeitpunkt der Kenntnis einer konkreten Rechtsverletzung m\u00f6glich. Bei Bekanntwerden von entsprechenden Rechtsverletzungen werden wir diese Inhalte umgehend entfernen.<\/p>\n\n\n\n<p><strong>Haftung f\u00fcr Links<\/strong><br>Unser Angebot enth\u00e4lt Links zu externen Webseiten Dritter, auf deren Inhalte wir keinen Einfluss haben. Deshalb k\u00f6nnen wir f\u00fcr diese fremden Inhalte auch keine Gew\u00e4hr \u00fcbernehmen. F\u00fcr die Inhalte der verlinkten Seiten ist stets der jeweilige Anbieter oder Betreiber der Seiten verantwortlich. Die verlinkten Seiten wurden zum Zeitpunkt der Verlinkung auf m\u00f6gliche Rechtsverst\u00f6\u00dfe \u00fcberpr\u00fcft. Rechtswidrige Inhalte waren zum Zeitpunkt der Verlinkung nicht erkennbar. Eine permanente inhaltliche Kontrolle der verlinkten Seiten ist jedoch ohne konkrete Anhaltspunkte einer Rechtsverletzung nicht zumutbar. Bei Bekanntwerden von Rechtsverletzungen werden wir derartige Links umgehend entfernen.<\/p>\n\n\n\n<p><strong>Urheberrecht<\/strong><br>Die durch die Seitenbetreiber erstellten Inhalte und Werke auf diesen Seiten unterliegen dem deutschen Urheberrecht. Die Vervielf\u00e4ltigung, Bearbeitung, Verbreitung und jede Art der Verwertung au\u00dferhalb der Grenzen des Urheberrechtes bed\u00fcrfen der schriftlichen Zustimmung des jeweiligen Autors bzw. Erstellers. Downloads und Kopien dieser Seite sind nicht gestattet. Sollten Sie auf eine Urheberrechtsverletzung aufmerksam werden, bitten wir um einen entsprechenden Hinweis. Bei Bekanntwerden von Rechtsverletzungen werden wir derartige Inhalte umgehend entfernen.<\/p>\n\n\n\n<p><strong>Datenschutz<\/strong><br>Die Nutzung unserer Webseite ist in der Regel ohne Angabe personenbezogener Daten m\u00f6glich. Soweit auf unseren Seiten personenbezogene Daten (beispielsweise Name, Anschrift oder e-Mail-Adressen) erhoben werden, erfolgt dies, soweit m\u00f6glich, stets auf freiwilliger Basis. Diese Daten werden ohne Ihre ausdr\u00fcckliche Zustimmung nicht an Dritte weitergegeben. Wir weisen darauf hin, dass die Daten\u00fcbertragung im Internet (z.B. bei der Kommunikation per e-Mail) Sicherheitsl\u00fccken aufweisen kann. Ein l\u00fcckenloser Schutz der Daten vor dem Zugriff durch Dritte ist nicht m\u00f6glich. Der Nutzung von im Rahmen der Impressumspflicht ver\u00f6ffentlichten Kontaktdaten durch Dritte zur \u00dcbersendung von nicht ausdr\u00fccklich angeforderter Werbung und Informationsmaterialien wird hiermit ausdr\u00fccklich widersprochen. Die Betreiber der Seiten behalten sich ausdr\u00fccklich rechtliche Schritte im Falle der unverlangten Zusendung von Werbeinformationen, etwa durch Spam-Mails, vor.<\/p>\n\n\n\n<p><strong>Quelle<\/strong><br>erstellt mit dem Impressum-Generator Einzelunternehmer von eRecht24, dem Portal zum Internetrecht von Rechtsanwalt S\u00f6ren Siebert.<\/p>\n\n\n\n<p><strong>Rechtlicher Hinweis<\/strong><br>Im Falle von wettbewerbsrechtlichen, domainrechtlichen, urheberrechtlichen oder \u00e4hnlichen Problemen bitte ich Sie, mich zur Vermeidung unn\u00f6tiger Rechtsstreite und Kosten bereits im Vorfeld zu kontaktieren. Die Kostennote einer anwaltlichen Abmahnung ohne vorhergehende Kontaktaufnahme mit mir wird im Sinne der Schadensminderungspflicht als unbegr\u00fcndet zur\u00fcckgewiesen !<br>Dies ist www.fewo-uferstrasse.de<br>Alle Fotos &amp; Design \u00a9 marketing design Willingh\u00f6fer <\/p>\n","protected":false},"excerpt":{"rendered":"<p>Angaben gem\u00e4\u00df \u00a7 5 TMG Michaela und Johann Willingh\u00f6ferBuschweg 17a 33415 Verl KontaktTelefon +49 170 2108334e-Mail: info@fewo-uferstrasse.de HaftungsausschlussHaftung f\u00fcr Inhalte die Inhalte dieser Seiten wurden<\/p>\n","protected":false},"author":1,"featured_media":0,"parent":0,"menu_order":0,"comment_status":"closed","ping_status":"closed","template":"","meta":{"footnotes":""},"class_list":["post-130","page","type-page","status-publish","hentry"],"_links":{"self":[{"href":"https:\/\/fewo-uferstrasse.de\/index.php?rest_route=\/wp\/v2\/pages\/130","targetHints":{"allow":["GET"]}}],"collection":[{"href":"https:\/\/fewo-uferstrasse.de\/index.php?rest_route=\/wp\/v2\/pages"}],"about":[{"href":"https:\/\/fewo-uferstrasse.de\/index.php?rest_route=\/wp\/v2\/types\/page"}],"author":[{"embeddable":true,"href":"https:\/\/fewo-uferstrasse.de\/index.php?rest_route=\/wp\/v2\/users\/1"}],"replies":[{"embeddable":true,"href":"https:\/\/fewo-uferstrasse.de\/index.php?rest_route=%2Fwp%2Fv2%2Fcomments&post=130"}],"version-history":[{"count":2,"href":"https:\/\/fewo-uferstrasse.de\/index.php?rest_route=\/wp\/v2\/pages\/130\/revisions"}],"predecessor-version":[{"id":133,"href":"https:\/\/fewo-uferstrasse.de\/index.php?rest_route=\/wp\/v2\/pages\/130\/revisions\/133"}],"wp:attachment":[{"href":"https:\/\/fewo-uferstrasse.de\/index.php?rest_route=%2Fwp%2Fv2%2Fmedia&parent=130"}],"curies":[{"name":"wp","href":"https:\/\/api.w.org\/{rel}","templated":true}]}}